{"id":6933,"date":"2024-11-22T00:34:32","date_gmt":"2024-11-22T00:34:32","guid":{"rendered":"https:\/\/blessingservicescompany.com\/?page_id=6933"},"modified":"2025-01-02T15:44:13","modified_gmt":"2025-01-02T15:44:13","slug":"about-3","status":"publish","type":"page","link":"https:\/\/blessingservicescompany.com\/?page_id=6933","title":{"rendered":"A Propos"},"content":{"rendered":"\t\t<div data-elementor-type=\"wp-post\" data-elementor-id=\"6933\" class=\"elementor elementor-6933\">\n\t\t\t\t<div class=\"elementor-element elementor-element-698bcb9 e-grid e-con-boxed e-con e-parent\" data-id=\"698bcb9\" data-element_type=\"container\">\n\t\t\t\t\t<div class=\"e-con-inner\">\n\t\t\t\t<div class=\"elementor-element elementor-element-2b722cd elementor-widget elementor-widget-image\" data-id=\"2b722cd\" data-element_type=\"widget\" data-widget_type=\"image.default\">\n\t\t\t\t<div class=\"elementor-widget-container\">\n\t\t\t\t\t\t\t\t\t\t\t\t\t<img fetchpriority=\"high\" decoding=\"async\" width=\"950\" height=\"366\" src=\"https:\/\/blessingservicescompany.com\/wp-content\/uploads\/2024\/11\/qui-sommes-nous-1024x395.jpg\" class=\"attachment-large size-large wp-image-6936\" alt=\"\" srcset=\"https:\/\/blessingservicescompany.com\/wp-content\/uploads\/2024\/11\/qui-sommes-nous-1024x395.jpg 1024w, https:\/\/blessingservicescompany.com\/wp-content\/uploads\/2024\/11\/qui-sommes-nous-300x116.jpg 300w, https:\/\/blessingservicescompany.com\/wp-content\/uploads\/2024\/11\/qui-sommes-nous-18x7.jpg 18w, https:\/\/blessingservicescompany.com\/wp-content\/uploads\/2024\/11\/qui-sommes-nous-600x232.jpg 600w, https:\/\/blessingservicescompany.com\/wp-content\/uploads\/2024\/11\/qui-sommes-nous.jpg 1140w\" sizes=\"100vw\" \/>\t\t\t\t\t\t\t\t\t\t\t\t\t<\/div>\n\t\t\t\t<\/div>\n\t\t\t\t<div class=\"elementor-element elementor-element-0a0191b elementor-widget elementor-widget-heading\" data-id=\"0a0191b\" data-element_type=\"widget\" data-widget_type=\"heading.default\">\n\t\t\t\t<div class=\"elementor-widget-container\">\n\t\t\t<h4 class=\"elementor-heading-title elementor-size-default\">Face \u00e0 la n\u00e9cessit\u00e9 d'un accompagnement technique pointu dans le domaine industriel, notre entreprise s'est positionn\u00e9e comme un partenaire de choix. Dot\u00e9 d'une \u00e9quipe exp\u00e9riment\u00e9e, nous sommes capable d'analyser vos besoins sp\u00e9cifiques et de vous proposer des solutions personnalis\u00e9es, optimis\u00e9es en termes de co\u00fbts et de performances. \nNotre expertise s'\u00e9tend de la fourniture d'\u00e9quipements industriels, scolaire et de bureautique \u00e0 la vente de consommables informatiques, de boissons et la r\u00e9alisation de prestations techniques complexes. \nNous vous invitons \u00e0 nous contacter pour d\u00e9couvrir comment nous pouvons contribuer \u00e0 votre r\u00e9ussite.<\/h4>\t\t<\/div>\n\t\t\t\t<\/div>\n\t\t\t\t\t<\/div>\n\t\t\t\t<\/div>\n\t\t\t\t<\/div>\n\t\t","protected":false},"excerpt":{"rendered":"<p>Face \u00e0 la n\u00e9cessit\u00e9 d&#8217;un accompagnement technique pointu dans le domaine industriel, notre entreprise s&#8217;est positionn\u00e9e comme un partenaire de choix. Dot\u00e9 d&#8217;une \u00e9quipe exp\u00e9riment\u00e9e, nous sommes capable d&#8217;analyser vos besoins sp\u00e9cifiques et de vous proposer des solutions personnalis\u00e9es, optimis\u00e9es en termes de co\u00fbts et de performances. Notre expertise s&#8217;\u00e9tend de la fourniture d&#8217;\u00e9quipements industriels, &hellip; <\/p>\n<p class=\"link-more\"><a href=\"https:\/\/blessingservicescompany.com\/?page_id=6933\" class=\"more-link\">Read more<span class=\"screen-reader-text\"> &#8220;A Propos&#8221;<\/span><\/a><\/p>\n","protected":false},"author":1,"featured_media":6949,"parent":0,"menu_order":0,"comment_status":"closed","ping_status":"closed","template":"","meta":{"footnotes":""},"class_list":["post-6933","page","type-page","status-publish","has-post-thumbnail","hentry"],"yoast_head":"<!-- This site is optimized with the Yoast SEO plugin v23.7 - https:\/\/yoast.com\/wordpress\/plugins\/seo\/ -->\n<title>A Propos - blessingservicescompany<\/title>\n<meta name=\"description\" content=\"C&#039;est face \u00e0 la n\u00e9cessit\u00e9 d&#039;un accompagnement technique pointu dans le domaine de l&#039;import export et du commerce g\u00e9n\u00e9ral que notre entreprise s&#039;est positionn\u00e9e comme un partenaire de choix et a pu voir le jour.\" \/>\n<meta name=\"robots\" content=\"index, follow, max-snippet:-1, max-image-preview:large, max-video-preview:-1\" \/>\n<link rel=\"canonical\" href=\"https:\/\/blessingservicescompany.com\/?page_id=6933\" \/>\n<meta property=\"og:locale\" content=\"en_US\" \/>\n<meta property=\"og:type\" content=\"article\" \/>\n<meta property=\"og:title\" content=\"A Propos - blessingservicescompany\" \/>\n<meta property=\"og:description\" content=\"C&#039;est face \u00e0 la n\u00e9cessit\u00e9 d&#039;un accompagnement technique pointu dans le domaine de l&#039;import export et du commerce g\u00e9n\u00e9ral que notre entreprise s&#039;est positionn\u00e9e comme un partenaire de choix et a pu voir le jour.\" \/>\n<meta property=\"og:url\" content=\"https:\/\/blessingservicescompany.com\/?page_id=6933\" \/>\n<meta property=\"og:site_name\" content=\"blessingservicescompany\" \/>\n<meta property=\"article:modified_time\" content=\"2025-01-02T15:44:13+00:00\" \/>\n<meta property=\"og:image\" content=\"https:\/\/blessingservicescompany.com\/wp-content\/uploads\/2024\/11\/unnamed.jpg\" \/>\n\t<meta property=\"og:image:width\" content=\"512\" \/>\n\t<meta property=\"og:image:height\" content=\"166\" \/>\n\t<meta property=\"og:image:type\" content=\"image\/jpeg\" \/>\n<meta name=\"twitter:card\" content=\"summary_large_image\" \/>\n<meta name=\"twitter:label1\" content=\"Est. reading time\" \/>\n\t<meta name=\"twitter:data1\" content=\"1 minute\" \/>\n<script type=\"application\/ld+json\" class=\"yoast-schema-graph\">{\"@context\":\"https:\/\/schema.org\",\"@graph\":[{\"@type\":\"WebPage\",\"@id\":\"https:\/\/blessingservicescompany.com\/?page_id=6933\",\"url\":\"https:\/\/blessingservicescompany.com\/?page_id=6933\",\"name\":\"A Propos - blessingservicescompany\",\"isPartOf\":{\"@id\":\"https:\/\/blessingservicescompany-edead6.ingress-daribow.ewp.live\/#website\"},\"primaryImageOfPage\":{\"@id\":\"https:\/\/blessingservicescompany.com\/?page_id=6933#primaryimage\"},\"image\":{\"@id\":\"https:\/\/blessingservicescompany.com\/?page_id=6933#primaryimage\"},\"thumbnailUrl\":\"https:\/\/blessingservicescompany.com\/wp-content\/uploads\/2024\/11\/unnamed.jpg\",\"datePublished\":\"2024-11-22T00:34:32+00:00\",\"dateModified\":\"2025-01-02T15:44:13+00:00\",\"description\":\"C'est face \u00e0 la n\u00e9cessit\u00e9 d'un accompagnement technique pointu dans le domaine de l'import export et du commerce g\u00e9n\u00e9ral que notre entreprise s'est positionn\u00e9e comme un partenaire de choix et a pu voir le jour.\",\"breadcrumb\":{\"@id\":\"https:\/\/blessingservicescompany.com\/?page_id=6933#breadcrumb\"},\"inLanguage\":\"en-US\",\"potentialAction\":[{\"@type\":\"ReadAction\",\"target\":[\"https:\/\/blessingservicescompany.com\/?page_id=6933\"]}]},{\"@type\":\"ImageObject\",\"inLanguage\":\"en-US\",\"@id\":\"https:\/\/blessingservicescompany.com\/?page_id=6933#primaryimage\",\"url\":\"https:\/\/blessingservicescompany.com\/wp-content\/uploads\/2024\/11\/unnamed.jpg\",\"contentUrl\":\"https:\/\/blessingservicescompany.com\/wp-content\/uploads\/2024\/11\/unnamed.jpg\",\"width\":512,\"height\":166},{\"@type\":\"BreadcrumbList\",\"@id\":\"https:\/\/blessingservicescompany.com\/?page_id=6933#breadcrumb\",\"itemListElement\":[{\"@type\":\"ListItem\",\"position\":1,\"name\":\"Home\",\"item\":\"https:\/\/blessingservicescompany.com\/\"},{\"@type\":\"ListItem\",\"position\":2,\"name\":\"A Propos\"}]},{\"@type\":\"WebSite\",\"@id\":\"https:\/\/blessingservicescompany-edead6.ingress-daribow.ewp.live\/#website\",\"url\":\"https:\/\/blessingservicescompany-edead6.ingress-daribow.ewp.live\/\",\"name\":\"blessingservicescompany\",\"description\":\"\",\"publisher\":{\"@id\":\"https:\/\/blessingservicescompany-edead6.ingress-daribow.ewp.live\/#organization\"},\"potentialAction\":[{\"@type\":\"SearchAction\",\"target\":{\"@type\":\"EntryPoint\",\"urlTemplate\":\"https:\/\/blessingservicescompany-edead6.ingress-daribow.ewp.live\/?s={search_term_string}\"},\"query-input\":{\"@type\":\"PropertyValueSpecification\",\"valueRequired\":true,\"valueName\":\"search_term_string\"}}],\"inLanguage\":\"en-US\"},{\"@type\":\"Organization\",\"@id\":\"https:\/\/blessingservicescompany-edead6.ingress-daribow.ewp.live\/#organization\",\"name\":\"blessingservicescompany\",\"url\":\"https:\/\/blessingservicescompany-edead6.ingress-daribow.ewp.live\/\",\"logo\":{\"@type\":\"ImageObject\",\"inLanguage\":\"en-US\",\"@id\":\"https:\/\/blessingservicescompany-edead6.ingress-daribow.ewp.live\/#\/schema\/logo\/image\/\",\"url\":\"https:\/\/blessingservicescompany.com\/wp-content\/uploads\/2024\/11\/LOGO-B_page-0001-1.jpg\",\"contentUrl\":\"https:\/\/blessingservicescompany.com\/wp-content\/uploads\/2024\/11\/LOGO-B_page-0001-1.jpg\",\"width\":174,\"height\":150,\"caption\":\"blessingservicescompany\"},\"image\":{\"@id\":\"https:\/\/blessingservicescompany-edead6.ingress-daribow.ewp.live\/#\/schema\/logo\/image\/\"}}]}<\/script>\n<!-- \/ Yoast SEO plugin. -->","yoast_head_json":{"title":"A Propos - blessingservicescompany","description":"C'est face \u00e0 la n\u00e9cessit\u00e9 d'un accompagnement technique pointu dans le domaine de l'import export et du commerce g\u00e9n\u00e9ral que notre entreprise s'est positionn\u00e9e comme un partenaire de choix et a pu voir le jour.","robots":{"index":"index","follow":"follow","max-snippet":"max-snippet:-1","max-image-preview":"max-image-preview:large","max-video-preview":"max-video-preview:-1"},"canonical":"https:\/\/blessingservicescompany.com\/?page_id=6933","og_locale":"en_US","og_type":"article","og_title":"A Propos - blessingservicescompany","og_description":"C'est face \u00e0 la n\u00e9cessit\u00e9 d'un accompagnement technique pointu dans le domaine de l'import export et du commerce g\u00e9n\u00e9ral que notre entreprise s'est positionn\u00e9e comme un partenaire de choix et a pu voir le jour.","og_url":"https:\/\/blessingservicescompany.com\/?page_id=6933","og_site_name":"blessingservicescompany","article_modified_time":"2025-01-02T15:44:13+00:00","og_image":[{"width":512,"height":166,"url":"https:\/\/blessingservicescompany.com\/wp-content\/uploads\/2024\/11\/unnamed.jpg","type":"image\/jpeg"}],"twitter_card":"summary_large_image","twitter_misc":{"Est. reading time":"1 minute"},"schema":{"@context":"https:\/\/schema.org","@graph":[{"@type":"WebPage","@id":"https:\/\/blessingservicescompany.com\/?page_id=6933","url":"https:\/\/blessingservicescompany.com\/?page_id=6933","name":"A Propos - blessingservicescompany","isPartOf":{"@id":"https:\/\/blessingservicescompany-edead6.ingress-daribow.ewp.live\/#website"},"primaryImageOfPage":{"@id":"https:\/\/blessingservicescompany.com\/?page_id=6933#primaryimage"},"image":{"@id":"https:\/\/blessingservicescompany.com\/?page_id=6933#primaryimage"},"thumbnailUrl":"https:\/\/blessingservicescompany.com\/wp-content\/uploads\/2024\/11\/unnamed.jpg","datePublished":"2024-11-22T00:34:32+00:00","dateModified":"2025-01-02T15:44:13+00:00","description":"C'est face \u00e0 la n\u00e9cessit\u00e9 d'un accompagnement technique pointu dans le domaine de l'import export et du commerce g\u00e9n\u00e9ral que notre entreprise s'est positionn\u00e9e comme un partenaire de choix et a pu voir le jour.","breadcrumb":{"@id":"https:\/\/blessingservicescompany.com\/?page_id=6933#breadcrumb"},"inLanguage":"en-US","potentialAction":[{"@type":"ReadAction","target":["https:\/\/blessingservicescompany.com\/?page_id=6933"]}]},{"@type":"ImageObject","inLanguage":"en-US","@id":"https:\/\/blessingservicescompany.com\/?page_id=6933#primaryimage","url":"https:\/\/blessingservicescompany.com\/wp-content\/uploads\/2024\/11\/unnamed.jpg","contentUrl":"https:\/\/blessingservicescompany.com\/wp-content\/uploads\/2024\/11\/unnamed.jpg","width":512,"height":166},{"@type":"BreadcrumbList","@id":"https:\/\/blessingservicescompany.com\/?page_id=6933#breadcrumb","itemListElement":[{"@type":"ListItem","position":1,"name":"Home","item":"https:\/\/blessingservicescompany.com\/"},{"@type":"ListItem","position":2,"name":"A Propos"}]},{"@type":"WebSite","@id":"https:\/\/blessingservicescompany-edead6.ingress-daribow.ewp.live\/#website","url":"https:\/\/blessingservicescompany-edead6.ingress-daribow.ewp.live\/","name":"blessingservicescompany","description":"","publisher":{"@id":"https:\/\/blessingservicescompany-edead6.ingress-daribow.ewp.live\/#organization"},"potentialAction":[{"@type":"SearchAction","target":{"@type":"EntryPoint","urlTemplate":"https:\/\/blessingservicescompany-edead6.ingress-daribow.ewp.live\/?s={search_term_string}"},"query-input":{"@type":"PropertyValueSpecification","valueRequired":true,"valueName":"search_term_string"}}],"inLanguage":"en-US"},{"@type":"Organization","@id":"https:\/\/blessingservicescompany-edead6.ingress-daribow.ewp.live\/#organization","name":"blessingservicescompany","url":"https:\/\/blessingservicescompany-edead6.ingress-daribow.ewp.live\/","logo":{"@type":"ImageObject","inLanguage":"en-US","@id":"https:\/\/blessingservicescompany-edead6.ingress-daribow.ewp.live\/#\/schema\/logo\/image\/","url":"https:\/\/blessingservicescompany.com\/wp-content\/uploads\/2024\/11\/LOGO-B_page-0001-1.jpg","contentUrl":"https:\/\/blessingservicescompany.com\/wp-content\/uploads\/2024\/11\/LOGO-B_page-0001-1.jpg","width":174,"height":150,"caption":"blessingservicescompany"},"image":{"@id":"https:\/\/blessingservicescompany-edead6.ingress-daribow.ewp.live\/#\/schema\/logo\/image\/"}}]}},"featured_media_urls":{"thumbnail":["https:\/\/blessingservicescompany.com\/wp-content\/uploads\/2024\/11\/unnamed-150x150.jpg",150,150,true],"medium":["https:\/\/blessingservicescompany.com\/wp-content\/uploads\/2024\/11\/unnamed-300x97.jpg",300,97,true],"medium_large":["https:\/\/blessingservicescompany.com\/wp-content\/uploads\/2024\/11\/unnamed.jpg",512,166,false],"large":["https:\/\/blessingservicescompany.com\/wp-content\/uploads\/2024\/11\/unnamed.jpg",512,166,false],"1536x1536":["https:\/\/blessingservicescompany.com\/wp-content\/uploads\/2024\/11\/unnamed.jpg",512,166,false],"2048x2048":["https:\/\/blessingservicescompany.com\/wp-content\/uploads\/2024\/11\/unnamed.jpg",512,166,false],"trp-custom-language-flag":["https:\/\/blessingservicescompany.com\/wp-content\/uploads\/2024\/11\/unnamed-18x6.jpg",18,6,true],"inspiro-featured-image":["https:\/\/blessingservicescompany.com\/wp-content\/uploads\/2024\/11\/unnamed.jpg",512,166,false],"inspiro-loop":["https:\/\/blessingservicescompany.com\/wp-content\/uploads\/2024\/11\/unnamed.jpg",512,166,false],"inspiro-loop@2x":["https:\/\/blessingservicescompany.com\/wp-content\/uploads\/2024\/11\/unnamed.jpg",512,166,false],"woocommerce_thumbnail":["https:\/\/blessingservicescompany.com\/wp-content\/uploads\/2024\/11\/unnamed-300x166.jpg",300,166,true],"woocommerce_single":["https:\/\/blessingservicescompany.com\/wp-content\/uploads\/2024\/11\/unnamed.jpg",512,166,false],"woocommerce_gallery_thumbnail":["https:\/\/blessingservicescompany.com\/wp-content\/uploads\/2024\/11\/unnamed-100x100.jpg",100,100,true],"portfolio_item-thumbnail":["https:\/\/blessingservicescompany.com\/wp-content\/uploads\/2024\/11\/unnamed.jpg",512,166,false],"portfolio_item-thumbnail@2x":["https:\/\/blessingservicescompany.com\/wp-content\/uploads\/2024\/11\/unnamed.jpg",512,166,false],"portfolio_item-masonry":["https:\/\/blessingservicescompany.com\/wp-content\/uploads\/2024\/11\/unnamed.jpg",512,166,false],"portfolio_item-masonry@2x":["https:\/\/blessingservicescompany.com\/wp-content\/uploads\/2024\/11\/unnamed.jpg",512,166,false],"portfolio_item-thumbnail_cinema":["https:\/\/blessingservicescompany.com\/wp-content\/uploads\/2024\/11\/unnamed.jpg",512,166,false],"portfolio_item-thumbnail_portrait":["https:\/\/blessingservicescompany.com\/wp-content\/uploads\/2024\/11\/unnamed.jpg",512,166,false],"portfolio_item-thumbnail_portrait@2x":["https:\/\/blessingservicescompany.com\/wp-content\/uploads\/2024\/11\/unnamed.jpg",512,166,false],"portfolio_item-thumbnail_square":["https:\/\/blessingservicescompany.com\/wp-content\/uploads\/2024\/11\/unnamed.jpg",512,166,false]},"_links":{"self":[{"href":"https:\/\/blessingservicescompany.com\/index.php?rest_route=\/wp\/v2\/pages\/6933","targetHints":{"allow":["GET"]}}],"collection":[{"href":"https:\/\/blessingservicescompany.com\/index.php?rest_route=\/wp\/v2\/pages"}],"about":[{"href":"https:\/\/blessingservicescompany.com\/index.php?rest_route=\/wp\/v2\/types\/page"}],"author":[{"embeddable":true,"href":"https:\/\/blessingservicescompany.com\/index.php?rest_route=\/wp\/v2\/users\/1"}],"replies":[{"embeddable":true,"href":"https:\/\/blessingservicescompany.com\/index.php?rest_route=%2Fwp%2Fv2%2Fcomments&post=6933"}],"version-history":[{"count":5,"href":"https:\/\/blessingservicescompany.com\/index.php?rest_route=\/wp\/v2\/pages\/6933\/revisions"}],"predecessor-version":[{"id":7058,"href":"https:\/\/blessingservicescompany.com\/index.php?rest_route=\/wp\/v2\/pages\/6933\/revisions\/7058"}],"wp:featuredmedia":[{"embeddable":true,"href":"https:\/\/blessingservicescompany.com\/index.php?rest_route=\/wp\/v2\/media\/6949"}],"wp:attachment":[{"href":"https:\/\/blessingservicescompany.com\/index.php?rest_route=%2Fwp%2Fv2%2Fmedia&parent=6933"}],"curies":[{"name":"wp","href":"https:\/\/api.w.org\/{rel}","templated":true}]}}