{"id":628,"date":"2009-05-06T11:43:24","date_gmt":"2009-05-06T16:43:24","guid":{"rendered":"http:\/\/wpzoom.com\/zenko\/demo\/?page_id=3"},"modified":"2024-12-31T16:33:41","modified_gmt":"2024-12-31T16:33:41","slug":"contact","status":"publish","type":"page","link":"https:\/\/blessingservicescompany.com\/?page_id=628","title":{"rendered":"Contact"},"content":{"rendered":"\t\t<div data-elementor-type=\"wp-page\" data-elementor-id=\"628\" class=\"elementor elementor-628\">\n\t\t\t\t\t\t<section class=\"elementor-section elementor-top-section elementor-element elementor-element-e9a6140 elementor-section-boxed elementor-section-height-default elementor-section-height-default\" data-id=\"e9a6140\" data-element_type=\"section\">\n\t\t\t\t\t\t<div class=\"elementor-container elementor-column-gap-default\">\n\t\t\t\t\t\t<\/div>\n\t\t<\/section>\n\t\t\t\t<section class=\"elementor-section elementor-top-section elementor-element elementor-element-17c65841 elementor-section-boxed elementor-section-height-default elementor-section-height-default\" data-id=\"17c65841\" data-element_type=\"section\">\n\t\t\t\t\t\t<div class=\"elementor-container elementor-column-gap-default\">\n\t\t\t\t\t\t<\/div>\n\t\t<\/section>\n\t\t<div class=\"elementor-element elementor-element-45a86c97 e-con-full e-flex e-con e-parent\" data-id=\"45a86c97\" data-element_type=\"container\">\n\t\t<div class=\"elementor-element elementor-element-fd00943 e-con-full e-flex e-con e-child\" data-id=\"fd00943\" data-element_type=\"container\">\n\t\t\t\t<div class=\"elementor-element elementor-element-4fd00a93 elementor-widget__width-initial elementor-widget elementor-widget-heading\" data-id=\"4fd00a93\" data-element_type=\"widget\" data-widget_type=\"heading.default\">\n\t\t\t\t<div class=\"elementor-widget-container\">\n\t\t\t<h6 class=\"elementor-heading-title elementor-size-default\">Contactez-Nous!<\/h6>\t\t<\/div>\n\t\t\t\t<\/div>\n\t\t\t\t<div class=\"elementor-element elementor-element-2ff38afb elementor-widget elementor-widget-text-editor\" data-id=\"2ff38afb\" data-element_type=\"widget\" data-widget_type=\"text-editor.default\">\n\t\t\t\t<div class=\"elementor-widget-container\">\n\t\t\t\t\t\t\t<p>Nous aimerions avoir de vos nouvelles.<br \/>N&#8217;h\u00e9sitez pas \u00e0 nous contacter en utilisant les d\u00e9tails ci-dessous.<\/p>\t\t\t\t\t\t<\/div>\n\t\t\t\t<\/div>\n\t\t\t\t<\/div>\n\t\t<div class=\"elementor-element elementor-element-a154a3 e-con-full e-flex e-con e-child\" data-id=\"a154a3\" data-element_type=\"container\">\n\t\t\t\t<div class=\"elementor-element elementor-element-6474bff3 elementor-widget elementor-widget-image\" data-id=\"6474bff3\" data-element_type=\"widget\" data-widget_type=\"image.default\">\n\t\t\t\t<div class=\"elementor-widget-container\">\n\t\t\t\t\t\t\t\t\t\t\t\t\t<img fetchpriority=\"high\" decoding=\"async\" width=\"382\" height=\"261\" src=\"https:\/\/blessingservicescompany.com\/wp-content\/uploads\/2024\/12\/contact1.png\" class=\"attachment-large size-large wp-image-6990\" alt=\"\" srcset=\"https:\/\/blessingservicescompany.com\/wp-content\/uploads\/2024\/12\/contact1.png 382w, https:\/\/blessingservicescompany.com\/wp-content\/uploads\/2024\/12\/contact1-300x205.png 300w, https:\/\/blessingservicescompany.com\/wp-content\/uploads\/2024\/12\/contact1-18x12.png 18w\" sizes=\"100vw\" \/>\t\t\t\t\t\t\t\t\t\t\t\t\t<\/div>\n\t\t\t\t<\/div>\n\t\t\t\t<\/div>\n\t\t\t\t<\/div>\n\t\t<div class=\"elementor-element elementor-element-59acf2d3 e-con-full e-flex e-con e-parent\" data-id=\"59acf2d3\" data-element_type=\"container\" data-settings=\"{&quot;background_background&quot;:&quot;classic&quot;}\">\n\t\t<div class=\"elementor-element elementor-element-54207b4c e-con-full e-flex e-con e-child\" data-id=\"54207b4c\" data-element_type=\"container\">\n\t\t\t\t<div class=\"elementor-element elementor-element-34fcdfca elementor-widget elementor-widget-image\" data-id=\"34fcdfca\" data-element_type=\"widget\" data-widget_type=\"image.default\">\n\t\t\t\t<div class=\"elementor-widget-container\">\n\t\t\t\t\t\t\t\t\t\t\t\t\t<img decoding=\"async\" width=\"341\" height=\"200\" src=\"https:\/\/blessingservicescompany.com\/wp-content\/uploads\/2024\/12\/contact-us-concept.jpg\" class=\"attachment-large size-large wp-image-6987\" alt=\"\" srcset=\"https:\/\/blessingservicescompany.com\/wp-content\/uploads\/2024\/12\/contact-us-concept.jpg 341w, https:\/\/blessingservicescompany.com\/wp-content\/uploads\/2024\/12\/contact-us-concept-300x176.jpg 300w, https:\/\/blessingservicescompany.com\/wp-content\/uploads\/2024\/12\/contact-us-concept-18x12.jpg 18w\" sizes=\"100vw\" \/>\t\t\t\t\t\t\t\t\t\t\t\t\t<\/div>\n\t\t\t\t<\/div>\n\t\t\t\t<\/div>\n\t\t<div class=\"elementor-element elementor-element-5d3fc2d4 e-con-full e-flex e-con e-child\" data-id=\"5d3fc2d4\" data-element_type=\"container\">\n\t\t\t\t<div class=\"elementor-element elementor-element-79cbb1d5 elementor-align-left elementor-icon-list--layout-traditional elementor-list-item-link-full_width elementor-widget elementor-widget-icon-list\" data-id=\"79cbb1d5\" data-element_type=\"widget\" data-widget_type=\"icon-list.default\">\n\t\t\t\t<div class=\"elementor-widget-container\">\n\t\t\t\t\t<ul class=\"elementor-icon-list-items\">\n\t\t\t\t\t\t\t<li class=\"elementor-icon-list-item\">\n\t\t\t\t\t\t\t\t\t\t<span class=\"elementor-icon-list-text\"><b>Adressse :<\/b> Bepanda, 8014 Douala, Cameroun<\/span>\n\t\t\t\t\t\t\t\t\t<\/li>\n\t\t\t\t\t\t\t\t<li class=\"elementor-icon-list-item\">\n\t\t\t\t\t\t\t\t\t\t<span class=\"elementor-icon-list-text\"><b>Horaire :<\/b> Lun-Vend 8:00 - 18:00<\/span>\n\t\t\t\t\t\t\t\t\t<\/li>\n\t\t\t\t\t\t\t\t<li class=\"elementor-icon-list-item\">\n\t\t\t\t\t\t\t\t\t\t<span class=\"elementor-icon-list-text\"><b>Telephone :<\/b> +237 693-048-345 \/ +237 621-318-369<\/span>\n\t\t\t\t\t\t\t\t\t<\/li>\n\t\t\t\t\t\t\t\t<li class=\"elementor-icon-list-item\">\n\t\t\t\t\t\t\t\t\t\t<span class=\"elementor-icon-list-text\"><b>Email :<\/b> info@blessingservicescompany.com<\/span>\n\t\t\t\t\t\t\t\t\t<\/li>\n\t\t\t\t\t\t<\/ul>\n\t\t\t\t<\/div>\n\t\t\t\t<\/div>\n\t\t\t\t<\/div>\n\t\t\t\t<\/div>\n\t\t<div class=\"elementor-element elementor-element-20a2cff2 e-con-full e-flex e-con e-parent\" data-id=\"20a2cff2\" data-element_type=\"container\">\n\t\t<div class=\"elementor-element elementor-element-21c47aa8 e-con-full e-flex e-con e-child\" data-id=\"21c47aa8\" data-element_type=\"container\" data-settings=\"{&quot;background_background&quot;:&quot;classic&quot;}\">\n\t\t\t\t<div class=\"elementor-element elementor-element-354c4d18 elementor-widget elementor-widget-google_maps\" data-id=\"354c4d18\" data-element_type=\"widget\" data-widget_type=\"google_maps.default\">\n\t\t\t\t<div class=\"elementor-widget-container\">\n\t\t\t\t\t<div class=\"elementor-custom-embed\">\n\t\t\t<iframe loading=\"lazy\"\n\t\t\t\t\tsrc=\"https:\/\/maps.google.com\/maps?q=Bepanda%2C%208014%20Douala%2C%20Cameroun&#038;t=m&#038;z=17&#038;output=embed&#038;iwloc=near\"\n\t\t\t\t\ttitle=\"Bepanda, 8014 Douala, Cameroun\"\n\t\t\t\t\taria-label=\"Bepanda, 8014 Douala, Cameroun\"\n\t\t\t><\/iframe>\n\t\t<\/div>\n\t\t\t\t<\/div>\n\t\t\t\t<\/div>\n\t\t\t\t<\/div>\n\t\t<div class=\"elementor-element elementor-element-630c0c9c e-con-full e-flex e-con e-child\" data-id=\"630c0c9c\" data-element_type=\"container\">\n\t\t\t\t<div class=\"elementor-element elementor-element-3b92d55a elementor-widget elementor-widget-heading\" data-id=\"3b92d55a\" data-element_type=\"widget\" data-widget_type=\"heading.default\">\n\t\t\t\t<div class=\"elementor-widget-container\">\n\t\t\t<h2 class=\"elementor-heading-title elementor-size-default\">Visitez-Nous !<\/h2>\t\t<\/div>\n\t\t\t\t<\/div>\n\t\t\t\t<div class=\"elementor-element elementor-element-f448da2 elementor-widget elementor-widget-icon-box\" data-id=\"f448da2\" data-element_type=\"widget\" data-widget_type=\"icon-box.default\">\n\t\t\t\t<div class=\"elementor-widget-container\">\n\t\t\t\t\t<div class=\"elementor-icon-box-wrapper\">\n\n\t\t\t\n\t\t\t\t\t\t<div class=\"elementor-icon-box-content\">\n\n\t\t\t\t\t\t\t\t\t<h4 class=\"elementor-icon-box-title\">\n\t\t\t\t\t\t<span  >\n\t\t\t\t\t\t\tAdresse:\t\t\t\t\t\t<\/span>\n\t\t\t\t\t<\/h4>\n\t\t\t\t\n\t\t\t\t\t\t\t\t\t<p class=\"elementor-icon-box-description\">\n\t\t\t\t\t\tBepanda, 8014 Douala,\nCameroun\t\t\t\t\t<\/p>\n\t\t\t\t\n\t\t\t<\/div>\n\t\t\t\n\t\t<\/div>\n\t\t\t\t<\/div>\n\t\t\t\t<\/div>\n\t\t\t\t<\/div>\n\t\t\t\t<\/div>\n\t\t\t\t<\/div>\n\t\t","protected":false},"excerpt":{"rendered":"<p>Contactez-Nous! Nous aimerions avoir de vos nouvelles.N&#8217;h\u00e9sitez pas \u00e0 nous contacter en utilisant les d\u00e9tails ci-dessous. Adressse : Bepanda, 8014 Douala, Cameroun Horaire : Lun-Vend 8:00 &#8211; 18:00 Telephone : +237 693-048-345 \/ +237 621-318-369 Email : info@blessingservicescompany.com Visitez-Nous ! Adresse: Bepanda, 8014 Douala, Cameroun<\/p>\n","protected":false},"author":1,"featured_media":0,"parent":0,"menu_order":0,"comment_status":"closed","ping_status":"closed","template":"page-templates\/no-title.php","meta":{"footnotes":""},"class_list":["post-628","page","type-page","status-publish","hentry"],"yoast_head":"<!-- This site is optimized with the Yoast SEO plugin v23.7 - https:\/\/yoast.com\/wordpress\/plugins\/seo\/ -->\n<title>Contact - blessingservicescompany<\/title>\n<meta name=\"robots\" content=\"index, follow, max-snippet:-1, max-image-preview:large, max-video-preview:-1\" \/>\n<link rel=\"canonical\" href=\"https:\/\/blessingservicescompany.com\/?page_id=628\" \/>\n<meta property=\"og:locale\" content=\"en_US\" \/>\n<meta property=\"og:type\" content=\"article\" \/>\n<meta property=\"og:title\" content=\"Contact - blessingservicescompany\" \/>\n<meta property=\"og:description\" content=\"Contactez-Nous! Nous aimerions avoir de vos nouvelles.N&#8217;h\u00e9sitez pas \u00e0 nous contacter en utilisant les d\u00e9tails ci-dessous. Adressse : Bepanda, 8014 Douala, Cameroun Horaire : Lun-Vend 8:00 &#8211; 18:00 Telephone : +237 693-048-345 \/ +237 621-318-369 Email : info@blessingservicescompany.com Visitez-Nous ! Adresse: Bepanda, 8014 Douala, Cameroun\" \/>\n<meta property=\"og:url\" content=\"https:\/\/blessingservicescompany.com\/?page_id=628\" \/>\n<meta property=\"og:site_name\" content=\"blessingservicescompany\" \/>\n<meta property=\"article:modified_time\" content=\"2024-12-31T16:33:41+00:00\" \/>\n<meta property=\"og:image\" content=\"https:\/\/blessingservicescompany.com\/wp-content\/uploads\/2024\/12\/contact1.png\" \/>\n\t<meta property=\"og:image:width\" content=\"382\" \/>\n\t<meta property=\"og:image:height\" content=\"261\" \/>\n\t<meta property=\"og:image:type\" content=\"image\/png\" \/>\n<meta name=\"twitter:card\" content=\"summary_large_image\" \/>\n<meta name=\"twitter:label1\" content=\"Est. reading time\" \/>\n\t<meta name=\"twitter:data1\" content=\"1 minute\" \/>\n<script type=\"application\/ld+json\" class=\"yoast-schema-graph\">{\"@context\":\"https:\/\/schema.org\",\"@graph\":[{\"@type\":\"WebPage\",\"@id\":\"https:\/\/blessingservicescompany.com\/?page_id=628\",\"url\":\"https:\/\/blessingservicescompany.com\/?page_id=628\",\"name\":\"Contact - blessingservicescompany\",\"isPartOf\":{\"@id\":\"https:\/\/blessingservicescompany-edead6.ingress-daribow.ewp.live\/#website\"},\"primaryImageOfPage\":{\"@id\":\"https:\/\/blessingservicescompany.com\/?page_id=628#primaryimage\"},\"image\":{\"@id\":\"https:\/\/blessingservicescompany.com\/?page_id=628#primaryimage\"},\"thumbnailUrl\":\"https:\/\/blessingservicescompany.com\/wp-content\/uploads\/2024\/12\/contact1.png\",\"datePublished\":\"2009-05-06T16:43:24+00:00\",\"dateModified\":\"2024-12-31T16:33:41+00:00\",\"breadcrumb\":{\"@id\":\"https:\/\/blessingservicescompany.com\/?page_id=628#breadcrumb\"},\"inLanguage\":\"en-US\",\"potentialAction\":[{\"@type\":\"ReadAction\",\"target\":[\"https:\/\/blessingservicescompany.com\/?page_id=628\"]}]},{\"@type\":\"ImageObject\",\"inLanguage\":\"en-US\",\"@id\":\"https:\/\/blessingservicescompany.com\/?page_id=628#primaryimage\",\"url\":\"https:\/\/blessingservicescompany.com\/wp-content\/uploads\/2024\/12\/contact1.png\",\"contentUrl\":\"https:\/\/blessingservicescompany.com\/wp-content\/uploads\/2024\/12\/contact1.png\",\"width\":382,\"height\":261},{\"@type\":\"BreadcrumbList\",\"@id\":\"https:\/\/blessingservicescompany.com\/?page_id=628#breadcrumb\",\"itemListElement\":[{\"@type\":\"ListItem\",\"position\":1,\"name\":\"Home\",\"item\":\"https:\/\/blessingservicescompany.com\/\"},{\"@type\":\"ListItem\",\"position\":2,\"name\":\"Contact\"}]},{\"@type\":\"WebSite\",\"@id\":\"https:\/\/blessingservicescompany-edead6.ingress-daribow.ewp.live\/#website\",\"url\":\"https:\/\/blessingservicescompany-edead6.ingress-daribow.ewp.live\/\",\"name\":\"blessingservicescompany\",\"description\":\"\",\"publisher\":{\"@id\":\"https:\/\/blessingservicescompany-edead6.ingress-daribow.ewp.live\/#organization\"},\"potentialAction\":[{\"@type\":\"SearchAction\",\"target\":{\"@type\":\"EntryPoint\",\"urlTemplate\":\"https:\/\/blessingservicescompany-edead6.ingress-daribow.ewp.live\/?s={search_term_string}\"},\"query-input\":{\"@type\":\"PropertyValueSpecification\",\"valueRequired\":true,\"valueName\":\"search_term_string\"}}],\"inLanguage\":\"en-US\"},{\"@type\":\"Organization\",\"@id\":\"https:\/\/blessingservicescompany-edead6.ingress-daribow.ewp.live\/#organization\",\"name\":\"blessingservicescompany\",\"url\":\"https:\/\/blessingservicescompany-edead6.ingress-daribow.ewp.live\/\",\"logo\":{\"@type\":\"ImageObject\",\"inLanguage\":\"en-US\",\"@id\":\"https:\/\/blessingservicescompany-edead6.ingress-daribow.ewp.live\/#\/schema\/logo\/image\/\",\"url\":\"https:\/\/blessingservicescompany.com\/wp-content\/uploads\/2024\/11\/LOGO-B_page-0001-1.jpg\",\"contentUrl\":\"https:\/\/blessingservicescompany.com\/wp-content\/uploads\/2024\/11\/LOGO-B_page-0001-1.jpg\",\"width\":174,\"height\":150,\"caption\":\"blessingservicescompany\"},\"image\":{\"@id\":\"https:\/\/blessingservicescompany-edead6.ingress-daribow.ewp.live\/#\/schema\/logo\/image\/\"}}]}<\/script>\n<!-- \/ Yoast SEO plugin. -->","yoast_head_json":{"title":"Contact - blessingservicescompany","robots":{"index":"index","follow":"follow","max-snippet":"max-snippet:-1","max-image-preview":"max-image-preview:large","max-video-preview":"max-video-preview:-1"},"canonical":"https:\/\/blessingservicescompany.com\/?page_id=628","og_locale":"en_US","og_type":"article","og_title":"Contact - blessingservicescompany","og_description":"Contactez-Nous! Nous aimerions avoir de vos nouvelles.N&#8217;h\u00e9sitez pas \u00e0 nous contacter en utilisant les d\u00e9tails ci-dessous. Adressse : Bepanda, 8014 Douala, Cameroun Horaire : Lun-Vend 8:00 &#8211; 18:00 Telephone : +237 693-048-345 \/ +237 621-318-369 Email : info@blessingservicescompany.com Visitez-Nous ! Adresse: Bepanda, 8014 Douala, Cameroun","og_url":"https:\/\/blessingservicescompany.com\/?page_id=628","og_site_name":"blessingservicescompany","article_modified_time":"2024-12-31T16:33:41+00:00","og_image":[{"width":382,"height":261,"url":"https:\/\/blessingservicescompany.com\/wp-content\/uploads\/2024\/12\/contact1.png","type":"image\/png"}],"twitter_card":"summary_large_image","twitter_misc":{"Est. reading time":"1 minute"},"schema":{"@context":"https:\/\/schema.org","@graph":[{"@type":"WebPage","@id":"https:\/\/blessingservicescompany.com\/?page_id=628","url":"https:\/\/blessingservicescompany.com\/?page_id=628","name":"Contact - blessingservicescompany","isPartOf":{"@id":"https:\/\/blessingservicescompany-edead6.ingress-daribow.ewp.live\/#website"},"primaryImageOfPage":{"@id":"https:\/\/blessingservicescompany.com\/?page_id=628#primaryimage"},"image":{"@id":"https:\/\/blessingservicescompany.com\/?page_id=628#primaryimage"},"thumbnailUrl":"https:\/\/blessingservicescompany.com\/wp-content\/uploads\/2024\/12\/contact1.png","datePublished":"2009-05-06T16:43:24+00:00","dateModified":"2024-12-31T16:33:41+00:00","breadcrumb":{"@id":"https:\/\/blessingservicescompany.com\/?page_id=628#breadcrumb"},"inLanguage":"en-US","potentialAction":[{"@type":"ReadAction","target":["https:\/\/blessingservicescompany.com\/?page_id=628"]}]},{"@type":"ImageObject","inLanguage":"en-US","@id":"https:\/\/blessingservicescompany.com\/?page_id=628#primaryimage","url":"https:\/\/blessingservicescompany.com\/wp-content\/uploads\/2024\/12\/contact1.png","contentUrl":"https:\/\/blessingservicescompany.com\/wp-content\/uploads\/2024\/12\/contact1.png","width":382,"height":261},{"@type":"BreadcrumbList","@id":"https:\/\/blessingservicescompany.com\/?page_id=628#breadcrumb","itemListElement":[{"@type":"ListItem","position":1,"name":"Home","item":"https:\/\/blessingservicescompany.com\/"},{"@type":"ListItem","position":2,"name":"Contact"}]},{"@type":"WebSite","@id":"https:\/\/blessingservicescompany-edead6.ingress-daribow.ewp.live\/#website","url":"https:\/\/blessingservicescompany-edead6.ingress-daribow.ewp.live\/","name":"blessingservicescompany","description":"","publisher":{"@id":"https:\/\/blessingservicescompany-edead6.ingress-daribow.ewp.live\/#organization"},"potentialAction":[{"@type":"SearchAction","target":{"@type":"EntryPoint","urlTemplate":"https:\/\/blessingservicescompany-edead6.ingress-daribow.ewp.live\/?s={search_term_string}"},"query-input":{"@type":"PropertyValueSpecification","valueRequired":true,"valueName":"search_term_string"}}],"inLanguage":"en-US"},{"@type":"Organization","@id":"https:\/\/blessingservicescompany-edead6.ingress-daribow.ewp.live\/#organization","name":"blessingservicescompany","url":"https:\/\/blessingservicescompany-edead6.ingress-daribow.ewp.live\/","logo":{"@type":"ImageObject","inLanguage":"en-US","@id":"https:\/\/blessingservicescompany-edead6.ingress-daribow.ewp.live\/#\/schema\/logo\/image\/","url":"https:\/\/blessingservicescompany.com\/wp-content\/uploads\/2024\/11\/LOGO-B_page-0001-1.jpg","contentUrl":"https:\/\/blessingservicescompany.com\/wp-content\/uploads\/2024\/11\/LOGO-B_page-0001-1.jpg","width":174,"height":150,"caption":"blessingservicescompany"},"image":{"@id":"https:\/\/blessingservicescompany-edead6.ingress-daribow.ewp.live\/#\/schema\/logo\/image\/"}}]}},"featured_media_urls":[],"_links":{"self":[{"href":"https:\/\/blessingservicescompany.com\/index.php?rest_route=\/wp\/v2\/pages\/628","targetHints":{"allow":["GET"]}}],"collection":[{"href":"https:\/\/blessingservicescompany.com\/index.php?rest_route=\/wp\/v2\/pages"}],"about":[{"href":"https:\/\/blessingservicescompany.com\/index.php?rest_route=\/wp\/v2\/types\/page"}],"author":[{"embeddable":true,"href":"https:\/\/blessingservicescompany.com\/index.php?rest_route=\/wp\/v2\/users\/1"}],"replies":[{"embeddable":true,"href":"https:\/\/blessingservicescompany.com\/index.php?rest_route=%2Fwp%2Fv2%2Fcomments&post=628"}],"version-history":[{"count":5,"href":"https:\/\/blessingservicescompany.com\/index.php?rest_route=\/wp\/v2\/pages\/628\/revisions"}],"predecessor-version":[{"id":7006,"href":"https:\/\/blessingservicescompany.com\/index.php?rest_route=\/wp\/v2\/pages\/628\/revisions\/7006"}],"wp:attachment":[{"href":"https:\/\/blessingservicescompany.com\/index.php?rest_route=%2Fwp%2Fv2%2Fmedia&parent=628"}],"curies":[{"name":"wp","href":"https:\/\/api.w.org\/{rel}","templated":true}]}}